{"id":2,"date":"2025-08-19T10:04:16","date_gmt":"2025-08-19T10:04:16","guid":{"rendered":"http:\/\/varelly.com\/?page_id=2"},"modified":"2025-08-19T17:53:09","modified_gmt":"2025-08-19T17:53:09","slug":"contact","status":"publish","type":"page","link":"https:\/\/varelly.com\/?page_id=2","title":{"rendered":"Contact"},"content":{"rendered":"<style id=\"wpforms-css-vars-31-block-e84bcf1d-168b-49e7-9420-009b08b85456\">\n\t\t\t\t#wpforms-31.wpforms-block-e84bcf1d-168b-49e7-9420-009b08b85456 {\n\t\t\t\t--wpforms-field-size-input-height: 43px;\n--wpforms-field-size-input-spacing: 15px;\n--wpforms-field-size-font-size: 16px;\n--wpforms-field-size-line-height: 19px;\n--wpforms-field-size-padding-h: 14px;\n--wpforms-field-size-checkbox-size: 16px;\n--wpforms-field-size-sublabel-spacing: 5px;\n--wpforms-field-size-icon-size: 1;\n--wpforms-label-size-font-size: 16px;\n--wpforms-label-size-line-height: 19px;\n--wpforms-label-size-sublabel-font-size: 14px;\n--wpforms-label-size-sublabel-line-height: 17px;\n--wpforms-button-size-font-size: 17px;\n--wpforms-button-size-height: 41px;\n--wpforms-button-size-padding-h: 15px;\n--wpforms-button-size-margin-top: 10px;\n\n\t\t\t}\n\t\t\t<\/style><div class=\"wpforms-container wpforms-container-full wpforms-block wpforms-block-e84bcf1d-168b-49e7-9420-009b08b85456 wpforms-render-modern\" id=\"wpforms-31\"><form id=\"wpforms-form-31\" class=\"wpforms-validate wpforms-form wpforms-ajax-form\" data-formid=\"31\" method=\"post\" enctype=\"multipart\/form-data\" action=\"\/index.php?rest_route=%2Fwp%2Fv2%2Fpages%2F2\" data-token=\"fd5fb3a83df1c72fdb9b6bcc5ef7a93d\" data-token-time=\"1776516932\"><noscript class=\"wpforms-error-noscript\">Veuillez activer JavaScript dans votre navigateur pour remplir ce formulaire.<\/noscript><div id=\"wpforms-error-noscript\" style=\"display: none;\">Veuillez activer JavaScript dans votre navigateur pour remplir ce formulaire.<\/div><div class=\"wpforms-field-container\"><div id=\"wpforms-31-field_1-container\" class=\"wpforms-field wpforms-field-name\" data-field-id=\"1\"><fieldset><legend class=\"wpforms-field-label\">Nom <span class=\"wpforms-required-label\" aria-hidden=\"true\">*<\/span><\/legend><div class=\"wpforms-field-row wpforms-field-medium\"><div class=\"wpforms-field-row-block wpforms-first wpforms-one-half\"><input type=\"text\" id=\"wpforms-31-field_1\" class=\"wpforms-field-name-first wpforms-field-required\" name=\"wpforms[fields][1][first]\" aria-errormessage=\"wpforms-31-field_1-error\" required><label for=\"wpforms-31-field_1\" class=\"wpforms-field-sublabel after\">Pr\u00e9nom<\/label><\/div><div class=\"wpforms-field-row-block wpforms-one-half\"><input type=\"text\" id=\"wpforms-31-field_1-last\" class=\"wpforms-field-name-last wpforms-field-required\" name=\"wpforms[fields][1][last]\" aria-errormessage=\"wpforms-31-field_1-last-error\" required><label for=\"wpforms-31-field_1-last\" class=\"wpforms-field-sublabel after\">Nom<\/label><\/div><\/div><\/fieldset><\/div><div id=\"wpforms-31-field_7-container\" class=\"wpforms-field wpforms-field-email\" data-field-id=\"7\"><label class=\"wpforms-field-label\" for=\"wpforms-31-field_7\">Email <span class=\"wpforms-required-label\" aria-hidden=\"true\">*<\/span><\/label><input type=\"email\" id=\"wpforms-31-field_7\" class=\"wpforms-field-medium wpforms-field-required\" name=\"wpforms[fields][7]\" spellcheck=\"false\" aria-errormessage=\"wpforms-31-field_7-error\" required><\/div><div id=\"wpforms-31-field_2-container\" class=\"wpforms-field wpforms-field-radio\" data-field-id=\"2\"><fieldset><legend class=\"wpforms-field-label\">Comment avez-vous d\u00e9couvert notre service ?<\/legend><ul id=\"wpforms-31-field_2\"><li class=\"choice-1 depth-1\"><input type=\"radio\" id=\"wpforms-31-field_2_1\" name=\"wpforms[fields][2]\" value=\"Un\u00b7e autre cr\u00e9ateur\u00b7trice\" aria-errormessage=\"wpforms-31-field_2_1-error\"  ><label class=\"wpforms-field-label-inline\" for=\"wpforms-31-field_2_1\">Un\u00b7e autre cr\u00e9ateur\u00b7trice<\/label><\/li><li class=\"choice-2 depth-1\"><input type=\"radio\" id=\"wpforms-31-field_2_2\" name=\"wpforms[fields][2]\" value=\"Instagram\" aria-errormessage=\"wpforms-31-field_2_2-error\"  ><label class=\"wpforms-field-label-inline\" for=\"wpforms-31-field_2_2\">Instagram<\/label><\/li><li class=\"choice-3 depth-1\"><input type=\"radio\" id=\"wpforms-31-field_2_3\" name=\"wpforms[fields][2]\" value=\"Une connaissance\" aria-errormessage=\"wpforms-31-field_2_3-error\"  ><label class=\"wpforms-field-label-inline\" for=\"wpforms-31-field_2_3\">Une connaissance<\/label><\/li><\/ul><\/fieldset><\/div><div id=\"wpforms-31-field_8-container\" class=\"wpforms-field wpforms-field-checkbox\" data-field-id=\"8\"><fieldset><legend class=\"wpforms-field-label\">Sur quels r\u00e9seaux \u00eates-vous d\u00e9j\u00e0 pr\u00e9sent(e) ?<\/legend><ul id=\"wpforms-31-field_8\"><li class=\"choice-1 depth-1\"><input type=\"checkbox\" id=\"wpforms-31-field_8_1\" name=\"wpforms[fields][8][]\" value=\"TikTok\" aria-errormessage=\"wpforms-31-field_8_1-error\"  ><label class=\"wpforms-field-label-inline\" for=\"wpforms-31-field_8_1\">TikTok<\/label><\/li><li class=\"choice-2 depth-1\"><input type=\"checkbox\" id=\"wpforms-31-field_8_2\" name=\"wpforms[fields][8][]\" value=\"Instagram\" aria-errormessage=\"wpforms-31-field_8_2-error\"  ><label class=\"wpforms-field-label-inline\" for=\"wpforms-31-field_8_2\">Instagram<\/label><\/li><li class=\"choice-3 depth-1\"><input type=\"checkbox\" id=\"wpforms-31-field_8_3\" name=\"wpforms[fields][8][]\" value=\"SnapChat\" aria-errormessage=\"wpforms-31-field_8_3-error\"  ><label class=\"wpforms-field-label-inline\" for=\"wpforms-31-field_8_3\">SnapChat<\/label><\/li><\/ul><\/fieldset><\/div>\t\t<div id=\"wpforms-31-field_3-container\"\n\t\t\tclass=\"wpforms-field wpforms-field-text\"\n\t\t\tdata-field-type=\"text\"\n\t\t\tdata-field-id=\"3\"\n\t\t\t>\n\t\t\t<label class=\"wpforms-field-label\" for=\"wpforms-31-field_3\" >suivent Comment d\u00e9couvert<\/label>\n\t\t\t<input type=\"text\" id=\"wpforms-31-field_3\" class=\"wpforms-field-medium\" name=\"wpforms[fields][3]\" >\n\t\t<\/div>\n\t\t<div id=\"wpforms-31-field_4-container\" class=\"wpforms-field wpforms-field-select wpforms-field-select-style-classic\" data-field-id=\"4\"><label class=\"wpforms-field-label\" for=\"wpforms-31-field_4\">Combien de personnes vous suivent d\u00e9j\u00e0 ?<\/label><select id=\"wpforms-31-field_4\" class=\"wpforms-field-medium\" name=\"wpforms[fields][4]\"><option value=\"Aucun\" >Aucun<\/option><option value=\"100 - 1000\" >100 &#8211; 1000<\/option><option value=\"1000 - 10 000\" >1000 &#8211; 10 000<\/option><option value=\"10 000 - 50 000\" >10 000 &#8211; 50 000<\/option><option value=\"50 000+\" >50 000+<\/option><\/select><\/div><div id=\"wpforms-31-field_6-container\" class=\"wpforms-field wpforms-field-textarea\" data-field-id=\"6\"><label class=\"wpforms-field-label\" for=\"wpforms-31-field_6\">Un commentaire ?<\/label><textarea id=\"wpforms-31-field_6\" class=\"wpforms-field-medium\" name=\"wpforms[fields][6]\" aria-errormessage=\"wpforms-31-field_6-error\" ><\/textarea><\/div><script>\n\t\t\t\t( function() {\n\t\t\t\t\tconst style = document.createElement( 'style' );\n\t\t\t\t\tstyle.appendChild( document.createTextNode( '#wpforms-31-field_3-container { position: absolute !important; overflow: hidden !important; display: inline !important; height: 1px !important; width: 1px !important; z-index: -1000 !important; padding: 0 !important; } #wpforms-31-field_3-container input { visibility: hidden; } #wpforms-conversational-form-page #wpforms-31-field_3-container label { counter-increment: none; }' ) );\n\t\t\t\t\tdocument.head.appendChild( style );\n\t\t\t\t\tdocument.currentScript?.remove();\n\t\t\t\t} )();\n\t\t\t<\/script><\/div><!-- .wpforms-field-container --><div class=\"wpforms-submit-container\" ><input type=\"hidden\" name=\"wpforms[id]\" value=\"31\"><input type=\"hidden\" name=\"page_title\" value=\"\"><input type=\"hidden\" name=\"page_url\" value=\"https:\/\/varelly.com\/index.php?rest_route=\/wp\/v2\/pages\/2\"><input type=\"hidden\" name=\"url_referer\" value=\"\"><button type=\"submit\" name=\"wpforms[submit]\" id=\"wpforms-submit-31\" class=\"wpforms-submit\" data-alt-text=\"Patientez ...\" data-submit-text=\"Envoi\" aria-live=\"assertive\" value=\"wpforms-submit\">Envoi<\/button><img loading=\"lazy\" decoding=\"async\" src=\"https:\/\/varelly.com\/wp-content\/plugins\/wpforms-lite\/assets\/images\/submit-spin.svg\" class=\"wpforms-submit-spinner\" style=\"display: none;\" width=\"26\" height=\"26\" alt=\"Chargement en cours\"><\/div><\/form><\/div>  <!-- .wpforms-container -->","protected":false},"excerpt":{"rendered":"","protected":false},"author":1,"featured_media":0,"parent":0,"menu_order":0,"comment_status":"closed","ping_status":"closed","template":"","meta":{"footnotes":""},"class_list":["post-2","page","type-page","status-publish","hentry"],"_links":{"self":[{"href":"https:\/\/varelly.com\/index.php?rest_route=\/wp\/v2\/pages\/2","targetHints":{"allow":["GET"]}}],"collection":[{"href":"https:\/\/varelly.com\/index.php?rest_route=\/wp\/v2\/pages"}],"about":[{"href":"https:\/\/varelly.com\/index.php?rest_route=\/wp\/v2\/types\/page"}],"author":[{"embeddable":true,"href":"https:\/\/varelly.com\/index.php?rest_route=\/wp\/v2\/users\/1"}],"replies":[{"embeddable":true,"href":"https:\/\/varelly.com\/index.php?rest_route=%2Fwp%2Fv2%2Fcomments&post=2"}],"version-history":[{"count":2,"href":"https:\/\/varelly.com\/index.php?rest_route=\/wp\/v2\/pages\/2\/revisions"}],"predecessor-version":[{"id":37,"href":"https:\/\/varelly.com\/index.php?rest_route=\/wp\/v2\/pages\/2\/revisions\/37"}],"wp:attachment":[{"href":"https:\/\/varelly.com\/index.php?rest_route=%2Fwp%2Fv2%2Fmedia&parent=2"}],"curies":[{"name":"wp","href":"https:\/\/api.w.org\/{rel}","templated":true}]}}