{"id":8,"date":"2025-08-19T12:22:12","date_gmt":"2025-08-19T12:22:12","guid":{"rendered":"http:\/\/varelly.com\/?page_id=8"},"modified":"2025-08-20T18:25:47","modified_gmt":"2025-08-20T18:25:47","slug":"home","status":"publish","type":"page","link":"https:\/\/varelly.com\/","title":{"rendered":"Accueil"},"content":{"rendered":"\n<div class=\"wp-block-cover alignfull home-banner\" style=\"min-height:620px;aspect-ratio:unset;\"><span aria-hidden=\"true\" class=\"wp-block-cover__background has-background-dim-100 has-background-dim has-background-gradient\" style=\"background:linear-gradient(135deg,rgb(255,203,112) 12%,rgb(199,81,192) 50%,rgb(65,88,208) 100%)\"><\/span><div class=\"wp-block-cover__inner-container is-layout-flow wp-block-cover-is-layout-flow\">\n<div class=\"wp-block-group alignwide\"><div class=\"wp-block-group__inner-container is-layout-constrained wp-block-group-is-layout-constrained\">\n<div class=\"wp-block-media-text alignwide has-media-on-the-right is-stacked-on-mobile is-vertically-aligned-center\" style=\"grid-template-columns:auto 43%\"><div class=\"wp-block-media-text__content\">\n<h1 class=\"wp-block-heading has-text-align-left has-text-color\" style=\"margin-bottom:18px\">D\u00e9veloppez Votre Influence<\/h1>\n\n\n\n<p><p class=\"has-text-color\" style=\"font-size:24px;margin-top:0px;margin-bottom:37px\">Nous aidons les cr\u00e9ateurs et mod\u00e8les \u00e0 accro\u00eetre leur visibilit\u00e9, \u00e0 attirer une audience engag\u00e9e et \u00e0 construire une image forte sur les r\u00e9seaux sociaux.<\/p><\/p>\n\n\n\n<div class=\"wp-block-buttons is-layout-flex wp-block-buttons-is-layout-flex\">\n<div class=\"wp-block-button\"><a class=\"wp-block-button__link wp-element-button\" href=\"https:\/\/varelly.com\/?page_id=2\">Commencez Maintenant<\/a><\/div>\n<\/div>\n<\/div><figure class=\"wp-block-media-text__media\"><img loading=\"lazy\" decoding=\"async\" width=\"500\" height=\"500\" src=\"http:\/\/varelly.com\/wp-content\/uploads\/2025\/08\/3.png\" alt=\"\" class=\"wp-image-23 size-full\" srcset=\"https:\/\/varelly.com\/wp-content\/uploads\/2025\/08\/3.png 500w, https:\/\/varelly.com\/wp-content\/uploads\/2025\/08\/3-300x300.png 300w, https:\/\/varelly.com\/wp-content\/uploads\/2025\/08\/3-150x150.png 150w, https:\/\/varelly.com\/wp-content\/uploads\/2025\/08\/3-100x100.png 100w, https:\/\/varelly.com\/wp-content\/uploads\/2025\/08\/3-200x200.png 200w, https:\/\/varelly.com\/wp-content\/uploads\/2025\/08\/3-450x450.png 450w\" sizes=\"auto, (max-width: 500px) 100vw, 500px\" \/><\/figure><\/div>\n<\/div><\/div>\n<\/div><\/div>\n\n\n\n<div class=\"wp-block-group alignfull services\" id=\"services\" style=\"padding-top:120px;padding-right:80px;padding-bottom:120px;padding-left:80px\"><div class=\"wp-block-group__inner-container is-layout-constrained wp-container-core-group-is-layout-d841fe85 wp-block-group-is-layout-constrained\">\n<h2 class=\"wp-block-heading has-text-align-center\" style=\"margin-bottom:0px\"><strong>Nos Services<\/strong><\/h2>\n\n\n\n<div class=\"wp-block-columns is-layout-flex wp-container-core-columns-is-layout-25b8628f wp-block-columns-is-layout-flex\" style=\"margin-top:77px\">\n<div class=\"wp-block-column is-layout-flow wp-block-column-is-layout-flow\">\n<figure class=\"wp-block-image size-full is-style-default\"><img loading=\"lazy\" decoding=\"async\" width=\"500\" height=\"500\" src=\"http:\/\/varelly.com\/wp-content\/uploads\/2025\/08\/3-1.png\" alt=\"\" class=\"wp-image-26\" srcset=\"https:\/\/varelly.com\/wp-content\/uploads\/2025\/08\/3-1.png 500w, https:\/\/varelly.com\/wp-content\/uploads\/2025\/08\/3-1-300x300.png 300w, https:\/\/varelly.com\/wp-content\/uploads\/2025\/08\/3-1-150x150.png 150w, https:\/\/varelly.com\/wp-content\/uploads\/2025\/08\/3-1-100x100.png 100w, https:\/\/varelly.com\/wp-content\/uploads\/2025\/08\/3-1-200x200.png 200w, https:\/\/varelly.com\/wp-content\/uploads\/2025\/08\/3-1-450x450.png 450w\" sizes=\"auto, (max-width: 500px) 100vw, 500px\" \/><\/figure>\n\n\n\n<h3 class=\"wp-block-heading has-text-align-center\" style=\"margin-top:0px;margin-bottom:18px\">Gestion de Profil<\/h3>\n\n\n\n<p class=\"has-text-align-center\">Nous vous aidons \u00e0 optimiser votre pr\u00e9sence en ligne : mise en avant de votre image, organisation de vos contenus et accompagnement strat\u00e9gique pour attirer une audience fid\u00e8le.<\/p>\n<\/div>\n\n\n\n<div class=\"wp-block-column is-layout-flow wp-block-column-is-layout-flow\">\n<figure class=\"wp-block-image size-full\"><img loading=\"lazy\" decoding=\"async\" width=\"500\" height=\"500\" src=\"http:\/\/varelly.com\/wp-content\/uploads\/2025\/08\/4.png\" alt=\"\" class=\"wp-image-24\" srcset=\"https:\/\/varelly.com\/wp-content\/uploads\/2025\/08\/4.png 500w, https:\/\/varelly.com\/wp-content\/uploads\/2025\/08\/4-300x300.png 300w, https:\/\/varelly.com\/wp-content\/uploads\/2025\/08\/4-150x150.png 150w, https:\/\/varelly.com\/wp-content\/uploads\/2025\/08\/4-100x100.png 100w, https:\/\/varelly.com\/wp-content\/uploads\/2025\/08\/4-200x200.png 200w, https:\/\/varelly.com\/wp-content\/uploads\/2025\/08\/4-450x450.png 450w\" sizes=\"auto, (max-width: 500px) 100vw, 500px\" \/><\/figure>\n\n\n\n<h3 class=\"wp-block-heading has-text-align-center\" style=\"margin-top:0px;margin-bottom:18px\">Croissance &amp; Strat\u00e9gie<\/h3>\n\n\n\n<p class=\"has-text-align-center\">Nous d\u00e9veloppons des plans personnalis\u00e9s pour faire \u00e9voluer votre communaut\u00e9, augmenter vos abonn\u00e9s et renforcer votre visibilit\u00e9 sur les r\u00e9seaux sociaux.<\/p>\n<\/div>\n\n\n\n<div class=\"wp-block-column is-layout-flow wp-block-column-is-layout-flow\">\n<figure class=\"wp-block-image size-full\"><img loading=\"lazy\" decoding=\"async\" width=\"500\" height=\"500\" src=\"http:\/\/varelly.com\/wp-content\/uploads\/2025\/08\/5.png\" alt=\"\" class=\"wp-image-25\" srcset=\"https:\/\/varelly.com\/wp-content\/uploads\/2025\/08\/5.png 500w, https:\/\/varelly.com\/wp-content\/uploads\/2025\/08\/5-300x300.png 300w, https:\/\/varelly.com\/wp-content\/uploads\/2025\/08\/5-150x150.png 150w, https:\/\/varelly.com\/wp-content\/uploads\/2025\/08\/5-100x100.png 100w, https:\/\/varelly.com\/wp-content\/uploads\/2025\/08\/5-200x200.png 200w, https:\/\/varelly.com\/wp-content\/uploads\/2025\/08\/5-450x450.png 450w\" sizes=\"auto, (max-width: 500px) 100vw, 500px\" \/><\/figure>\n\n\n\n<h3 class=\"wp-block-heading has-text-align-center\" style=\"margin-top:0px;margin-bottom:18px\">Marketing &amp; Promotion<\/h3>\n\n\n\n<p class=\"has-text-align-center\">Gr\u00e2ce \u00e0 des strat\u00e9gies cibl\u00e9es, nous boostons votre engagement et maximisons votre port\u00e9e, pour transformer votre influence en r\u00e9sultats concrets.<\/p>\n<\/div>\n<\/div>\n<\/div><\/div>\n\n\n\n<div class=\"wp-block-group alignfull about\" id=\"about\" style=\"padding-top:120px;padding-right:80px;padding-bottom:124px;padding-left:80px\"><div class=\"wp-block-group__inner-container is-layout-constrained wp-container-core-group-is-layout-7bb6a760 wp-block-group-is-layout-constrained\">\n<div class=\"wp-block-media-text has-media-on-the-right is-stacked-on-mobile is-vertically-aligned-center\" style=\"grid-template-columns:auto 33%\"><div class=\"wp-block-media-text__content\">\n<div class=\"wp-block-group\"><div class=\"wp-block-group__inner-container is-layout-flow wp-block-group-is-layout-flow\">\n<h3 class=\"wp-block-heading\" style=\"margin-bottom:12px\">Construisons Votre Influence, Pas \u00e0 Pas<\/h3>\n\n\n\n<p><p style=\"margin-top:0px;margin-bottom:18px\">Derri\u00e8re chaque cr\u00e9ateur \u00e0 succ\u00e8s se cache une strat\u00e9gie solide. Notre mission est d\u2019accompagner les mod\u00e8les et influenceurs dans leur d\u00e9veloppement, en offrant un management sur mesure et une promotion cibl\u00e9e pour maximiser leur potentiel.<\/p><\/p>\n\n\n\n<p><p style=\"margin-top:0px;margin-bottom:0px\">Nous croyons qu\u2019une image forte et une communaut\u00e9 engag\u00e9e sont les cl\u00e9s pour se d\u00e9marquer. Gr\u00e2ce \u00e0 nos m\u00e9thodes \u00e9prouv\u00e9es, nous transformons vos r\u00e9seaux sociaux en v\u00e9ritables leviers de croissance et d\u2019opportunit\u00e9s.<\/p><\/p>\n<\/div><\/div>\n<\/div><figure class=\"wp-block-media-text__media\"><img loading=\"lazy\" decoding=\"async\" width=\"683\" height=\"1024\" src=\"http:\/\/varelly.com\/wp-content\/uploads\/2025\/08\/pexels-oscar-steiner-982093-33509957-683x1024.jpg\" alt=\"\" class=\"wp-image-27 size-full\" srcset=\"https:\/\/varelly.com\/wp-content\/uploads\/2025\/08\/pexels-oscar-steiner-982093-33509957-683x1024.jpg 683w, https:\/\/varelly.com\/wp-content\/uploads\/2025\/08\/pexels-oscar-steiner-982093-33509957-200x300.jpg 200w, https:\/\/varelly.com\/wp-content\/uploads\/2025\/08\/pexels-oscar-steiner-982093-33509957-768x1152.jpg 768w, https:\/\/varelly.com\/wp-content\/uploads\/2025\/08\/pexels-oscar-steiner-982093-33509957-1024x1536.jpg 1024w, https:\/\/varelly.com\/wp-content\/uploads\/2025\/08\/pexels-oscar-steiner-982093-33509957-1365x2048.jpg 1365w, https:\/\/varelly.com\/wp-content\/uploads\/2025\/08\/pexels-oscar-steiner-982093-33509957-100x150.jpg 100w, https:\/\/varelly.com\/wp-content\/uploads\/2025\/08\/pexels-oscar-steiner-982093-33509957-150x225.jpg 150w, https:\/\/varelly.com\/wp-content\/uploads\/2025\/08\/pexels-oscar-steiner-982093-33509957-300x450.jpg 300w, https:\/\/varelly.com\/wp-content\/uploads\/2025\/08\/pexels-oscar-steiner-982093-33509957-450x675.jpg 450w, https:\/\/varelly.com\/wp-content\/uploads\/2025\/08\/pexels-oscar-steiner-982093-33509957-600x900.jpg 600w, https:\/\/varelly.com\/wp-content\/uploads\/2025\/08\/pexels-oscar-steiner-982093-33509957-900x1350.jpg 900w, https:\/\/varelly.com\/wp-content\/uploads\/2025\/08\/pexels-oscar-steiner-982093-33509957-scaled.jpg 1707w\" sizes=\"auto, (max-width: 683px) 100vw, 683px\" \/><\/figure><\/div>\n<\/div><\/div>\n\n\n\n<div class=\"wp-block-group alignfull whyus has-background\" id=\"whyus\" style=\"background-color:#f2f5fa;padding-top:178px;padding-right:80px;padding-bottom:175px;padding-left:80px\"><div class=\"wp-block-group__inner-container is-layout-constrained wp-container-core-group-is-layout-280f4a43 wp-block-group-is-layout-constrained\">\n<div class=\"wp-block-columns is-layout-flex wp-container-core-columns-is-layout-0b08bd2d wp-block-columns-is-layout-flex\">\n<div class=\"wp-block-column is-layout-flow wp-block-column-is-layout-flow\"><div class=\"wp-block-image\">\n<figure class=\"aligncenter size-full\"><img decoding=\"async\" src=\"http:\/\/varelly.com\/wp-content\/themes\/responsive\/admin\/images\/passionate.svg\" alt=\"Passionate\" class=\"wp-image-11\"\/><\/figure>\n<\/div>\n\n\n<h3 class=\"wp-block-heading has-text-align-center\" style=\"margin-top:16px\">Passionn\u00e9s<\/h3>\n\n\n\n<p class=\"has-text-align-center\">Anim\u00e9s par la cr\u00e9ativit\u00e9 et l\u2019ambition, nous mettons toute notre \u00e9nergie pour d\u00e9velopper votre image et maximiser votre potentiel en ligne.<\/p>\n<\/div>\n\n\n\n<div class=\"wp-block-column is-layout-flow wp-block-column-is-layout-flow\"><div class=\"wp-block-image\">\n<figure class=\"aligncenter size-full\"><img decoding=\"async\" src=\"http:\/\/varelly.com\/wp-content\/themes\/responsive\/admin\/images\/professional.svg\" alt=\"Professional\" class=\"wp-image-12\"\/><\/figure>\n<\/div>\n\n\n<h3 class=\"wp-block-heading has-text-align-center\" style=\"margin-top:16px\">Professionnels<\/h3>\n\n\n\n<p class=\"has-text-align-center\">Avec une expertise solide en strat\u00e9gie digitale et en gestion de profils, nous assurons un accompagnement fiable et des r\u00e9sultats mesurables.<br><\/p>\n<\/div>\n\n\n\n<div class=\"wp-block-column is-layout-flow wp-block-column-is-layout-flow\"><div class=\"wp-block-image is-style-default\">\n<figure class=\"aligncenter size-full\"><img decoding=\"async\" src=\"http:\/\/varelly.com\/wp-content\/themes\/responsive\/admin\/images\/support.svg\" alt=\"Support\" class=\"wp-image-13\"\/><\/figure>\n<\/div>\n\n\n<h3 class=\"wp-block-heading has-text-align-center\" style=\"margin-top:16px\">Support d\u00e9di\u00e9<\/h3>\n\n\n\n<p class=\"has-text-align-center\">Toujours \u00e0 vos c\u00f4t\u00e9s, nous vous offrons un suivi personnalis\u00e9 et des solutions adapt\u00e9es pour garantir votre progression \u00e0 chaque \u00e9tape.<\/p>\n<\/div>\n<\/div>\n<\/div><\/div>\n\n\n\n<div class=\"wp-block-group alignfull testimonials\" id=\"testimonials\" style=\"padding-top:158px;padding-right:80px;padding-bottom:158px;padding-left:80px\"><div class=\"wp-block-group__inner-container is-layout-flow wp-block-group-is-layout-flow\">\n<p class=\"has-text-align-center\" style=\"margin-bottom:24px;font-size:24px\"><em>\u00ab On r\u00e9alise son destin \u00e0 travers ce qu\u2019on choisit de croire. \u00bb<\/em><\/p>\n\n\n\n<p class=\"has-text-align-center\" style=\"margin-top:0px\"><strong>Oprah Winfrey<\/strong><\/p>\n<\/div><\/div>\n\n\n\n<div class=\"wp-block-group alignfull contact has-background\" id=\"contact\" style=\"background:linear-gradient(151deg,rgba(75,235,221,0.61) 0%,rgba(151,119,209,0.8) 20%,rgba(207,41,185,0.73) 40%,rgba(237,43,130,0.74) 60%,rgba(250,105,97,0.8) 80%,rgba(255,249,77,0.78) 100%);padding-top:194px;padding-bottom:194px\"><div class=\"wp-block-group__inner-container is-layout-constrained wp-container-core-group-is-layout-e6876a08 wp-block-group-is-layout-constrained\">\n<h4 class=\"wp-block-heading has-text-align-center has-large-font-size\" style=\"margin-bottom:0px\"><strong>Notre mission : te faire briller.<\/strong><\/h4>\n\n\n\n<div class=\"wp-block-buttons alignwide is-horizontal is-content-justification-center is-layout-flex wp-container-core-buttons-is-layout-13e4ec6f wp-block-buttons-is-layout-flex\" style=\"margin-top:26px\">\n<div class=\"wp-block-button\"><a class=\"wp-block-button__link wp-element-button\" href=\"https:\/\/varelly.com\/?page_id=2\">Commencez Maintenant<\/a><\/div>\n<\/div>\n<\/div><\/div>\n\n\n\n<p><\/p>\n","protected":false},"excerpt":{"rendered":"<p>Nos Services Gestion de Profil Nous vous aidons \u00e0 optimiser votre pr\u00e9sence en ligne : mise en avant de votre image, organisation de vos contenus et accompagnement strat\u00e9gique pour attirer une audience fid\u00e8le. Croissance &amp; Strat\u00e9gie Nous d\u00e9veloppons des plans &hellip;<\/p>\n<p class=\"read-more\"> <a class=\"more-link\" href=\"https:\/\/varelly.com\/\"> <span class=\"screen-reader-text\">Accueil<\/span> Read More &raquo;<\/a><\/p>\n","protected":false},"author":1,"featured_media":0,"parent":0,"menu_order":0,"comment_status":"closed","ping_status":"closed","template":"gutenberg-fullwidth.php","meta":{"footnotes":""},"class_list":["post-8","page","type-page","status-publish","hentry"],"_links":{"self":[{"href":"https:\/\/varelly.com\/index.php?rest_route=\/wp\/v2\/pages\/8","targetHints":{"allow":["GET"]}}],"collection":[{"href":"https:\/\/varelly.com\/index.php?rest_route=\/wp\/v2\/pages"}],"about":[{"href":"https:\/\/varelly.com\/index.php?rest_route=\/wp\/v2\/types\/page"}],"author":[{"embeddable":true,"href":"https:\/\/varelly.com\/index.php?rest_route=\/wp\/v2\/users\/1"}],"replies":[{"embeddable":true,"href":"https:\/\/varelly.com\/index.php?rest_route=%2Fwp%2Fv2%2Fcomments&post=8"}],"version-history":[{"count":9,"href":"https:\/\/varelly.com\/index.php?rest_route=\/wp\/v2\/pages\/8\/revisions"}],"predecessor-version":[{"id":66,"href":"https:\/\/varelly.com\/index.php?rest_route=\/wp\/v2\/pages\/8\/revisions\/66"}],"wp:attachment":[{"href":"https:\/\/varelly.com\/index.php?rest_route=%2Fwp%2Fv2%2Fmedia&parent=8"}],"curies":[{"name":"wp","href":"https:\/\/api.w.org\/{rel}","templated":true}]}}